{"id":73,"date":"2014-12-01T19:22:25","date_gmt":"2014-12-01T19:22:25","guid":{"rendered":"https:\/\/www.entwicklungsbuero.net\/shop\/?post_type=product&amp;p=73"},"modified":"2014-12-01T19:22:25","modified_gmt":"2014-12-01T19:22:25","slug":"mini-reisefuehrer-beaujolais","status":"publish","type":"product","link":"https:\/\/theeatingbrain.de\/shop\/product\/mini-reisefuehrer-beaujolais\/","title":{"rendered":"Mini-Reisef\u00fchrer &#8220;Beaujolais&#8221;"},"content":{"rendered":"<p>Wer auf der Suche nach urigen Zimmern, in liebevoll gef\u00fchrten Chambres d&#8217;h\u00f4tes und G\u00eetes ist, die besten K\u00f6stlichkeiten der Region in herzlicher Gastlichkeit erleben will und kleine Sch\u00e4tze fernab touristisch ausgetretener Pfade finden m\u00f6chte, f\u00fcr den sind die Mini-Reisef\u00fchrer eine Entdeckungshilfe. Alle Tipps sind<\/p>\n<p>\u2713von mir pers\u00f6nlich zusammengestellt<\/p>\n<p>\u2713die \u00dcbernachtungsm\u00f6glichkeiten ausprobiert<\/p>\n<p>\u2713die Restaurants besucht und<\/p>\n<p>\u2713die Empfehlungen f\u00fcr Mitbringsel langj\u00e4hrig bew\u00e4hrt bei meinen Freunden und Bekannten<\/p>\n<p>Die Reisef\u00fchrer f\u00fcr Frankreich sind wie eine <strong>Postkarte<\/strong> gestaltet. Das 350gqm Papier daf\u00fcr stammt aus nachhaltiger Quelle.<\/p>\n<p>Gestaltung <strong>Vorderseite<\/strong>:<\/p>\n<p>\u2713Hochglanzdruck der Confiture de Vivre-Fotoauswahl, mit den besten Fotos der Region<\/p>\n<p>Gestaltung <strong>R\u00fcckseite<\/strong>:<\/p>\n<p>\u2713seidenmatte Beschichtung<\/p>\n<p>\u2713alle Tipps mit genauen Adressangaben<\/p>\n<p>\u2713postkarten\u00fcbliches Adressfeld &#8211; so kann man nach dem eigenen Urlaub damit, die Mini-Reisef\u00fchrer noch an liebe Freunde weiter schicken<\/p>\n<p>&nbsp;<\/p>\n","protected":false},"excerpt":{"rendered":"<p>Alles, was du f\u00fcr eine unvergessliche Reise brauchst &#8211; die besten Tipps f\u00fcr tolle Restaurants, gem\u00fctliche \u00dcbernachtungen und die sch\u00f6nsten Mitbringsel bietet dir der Mini-Reisef\u00fchrer im Postkartenformat.<\/p>\n","protected":false},"featured_media":94,"comment_status":"open","ping_status":"closed","template":"","meta":[],"product_brand":[],"product_cat":[58],"product_tag":[36,41,49,59],"class_list":{"0":"post-73","1":"product","2":"type-product","3":"status-publish","4":"has-post-thumbnail","6":"product_cat-reisefuehrer","7":"product_tag-beaujolais","8":"product_tag-frankreich","9":"product_tag-mini-reisefuehrer","10":"product_tag-reisefuehrer","11":"product_shipping_class-dhl","13":"first","14":"outofstock","15":"taxable","16":"shipping-taxable","17":"purchasable","18":"product-type-simple"},"yoast_head":"<!-- This site is optimized with the Yoast SEO plugin v25.5 - https:\/\/yoast.com\/wordpress\/plugins\/seo\/ -->\n<title>Mini-Reisef\u00fchrer &quot;Beaujolais&quot; - Online-Shop<\/title>\n<meta name=\"robots\" content=\"index, follow, max-snippet:-1, max-image-preview:large, max-video-preview:-1\" \/>\n<link rel=\"canonical\" href=\"https:\/\/theeatingbrain.de\/shop\/product\/mini-reisefuehrer-beaujolais\/\" \/>\n<meta property=\"og:locale\" content=\"de_DE\" \/>\n<meta property=\"og:type\" content=\"article\" \/>\n<meta property=\"og:title\" content=\"Mini-Reisef\u00fchrer &quot;Beaujolais&quot; - Online-Shop\" \/>\n<meta property=\"og:description\" content=\"Alles, was du f\u00fcr eine unvergessliche Reise brauchst - die besten Tipps f\u00fcr tolle Restaurants, gem\u00fctliche \u00dcbernachtungen und die sch\u00f6nsten Mitbringsel bietet dir der Mini-Reisef\u00fchrer im Postkartenformat.\" \/>\n<meta property=\"og:url\" content=\"https:\/\/theeatingbrain.de\/shop\/product\/mini-reisefuehrer-beaujolais\/\" \/>\n<meta property=\"og:site_name\" content=\"Online-Shop\" \/>\n<meta property=\"og:image\" content=\"https:\/\/theeatingbrain.de\/shop\/wp-content\/uploads\/sites\/5\/2014\/12\/mini-reisefuehrer-beaujolais-confiture-de-vivre.jpg\" \/>\n\t<meta property=\"og:image:width\" content=\"1072\" \/>\n\t<meta property=\"og:image:height\" content=\"1072\" \/>\n\t<meta property=\"og:image:type\" content=\"image\/jpeg\" \/>\n<meta name=\"twitter:card\" content=\"summary_large_image\" \/>\n<meta name=\"twitter:label1\" content=\"Gesch\u00e4tzte Lesezeit\" \/>\n\t<meta name=\"twitter:data1\" content=\"1\u00a0Minute\" \/>\n<script type=\"application\/ld+json\" class=\"yoast-schema-graph\">{\"@context\":\"https:\/\/schema.org\",\"@graph\":[{\"@type\":\"WebPage\",\"@id\":\"https:\/\/theeatingbrain.de\/shop\/product\/mini-reisefuehrer-beaujolais\/\",\"url\":\"https:\/\/theeatingbrain.de\/shop\/product\/mini-reisefuehrer-beaujolais\/\",\"name\":\"Mini-Reisef\u00fchrer \\\"Beaujolais\\\" - Online-Shop\",\"isPartOf\":{\"@id\":\"https:\/\/theeatingbrain.de\/shop\/#website\"},\"primaryImageOfPage\":{\"@id\":\"https:\/\/theeatingbrain.de\/shop\/product\/mini-reisefuehrer-beaujolais\/#primaryimage\"},\"image\":{\"@id\":\"https:\/\/theeatingbrain.de\/shop\/product\/mini-reisefuehrer-beaujolais\/#primaryimage\"},\"thumbnailUrl\":\"https:\/\/theeatingbrain.de\/shop\/wp-content\/uploads\/sites\/5\/2014\/12\/mini-reisefuehrer-beaujolais-confiture-de-vivre.jpg\",\"datePublished\":\"2014-12-01T19:22:25+00:00\",\"breadcrumb\":{\"@id\":\"https:\/\/theeatingbrain.de\/shop\/product\/mini-reisefuehrer-beaujolais\/#breadcrumb\"},\"inLanguage\":\"de\",\"potentialAction\":[{\"@type\":\"ReadAction\",\"target\":[\"https:\/\/theeatingbrain.de\/shop\/product\/mini-reisefuehrer-beaujolais\/\"]}]},{\"@type\":\"ImageObject\",\"inLanguage\":\"de\",\"@id\":\"https:\/\/theeatingbrain.de\/shop\/product\/mini-reisefuehrer-beaujolais\/#primaryimage\",\"url\":\"https:\/\/theeatingbrain.de\/shop\/wp-content\/uploads\/sites\/5\/2014\/12\/mini-reisefuehrer-beaujolais-confiture-de-vivre.jpg\",\"contentUrl\":\"https:\/\/theeatingbrain.de\/shop\/wp-content\/uploads\/sites\/5\/2014\/12\/mini-reisefuehrer-beaujolais-confiture-de-vivre.jpg\",\"width\":1072,\"height\":1072,\"caption\":\"mini-reisef\u00fchrer-beaujolais-confiture-de-vivre\"},{\"@type\":\"BreadcrumbList\",\"@id\":\"https:\/\/theeatingbrain.de\/shop\/product\/mini-reisefuehrer-beaujolais\/#breadcrumb\",\"itemListElement\":[{\"@type\":\"ListItem\",\"position\":1,\"name\":\"Startseite\",\"item\":\"https:\/\/theeatingbrain.de\/shop\/\"},{\"@type\":\"ListItem\",\"position\":2,\"name\":\"Mini-Reisef\u00fchrer &#8220;Beaujolais&#8221;\"}]},{\"@type\":\"WebSite\",\"@id\":\"https:\/\/theeatingbrain.de\/shop\/#website\",\"url\":\"https:\/\/theeatingbrain.de\/shop\/\",\"name\":\"Online-Shop\",\"description\":\"Eine weitere TheEatingBrain Websites Website\",\"potentialAction\":[{\"@type\":\"SearchAction\",\"target\":{\"@type\":\"EntryPoint\",\"urlTemplate\":\"https:\/\/theeatingbrain.de\/shop\/?s={search_term_string}\"},\"query-input\":{\"@type\":\"PropertyValueSpecification\",\"valueRequired\":true,\"valueName\":\"search_term_string\"}}],\"inLanguage\":\"de\"}]}<\/script>\n<!-- \/ Yoast SEO plugin. -->","yoast_head_json":{"title":"Mini-Reisef\u00fchrer \"Beaujolais\" - Online-Shop","robots":{"index":"index","follow":"follow","max-snippet":"max-snippet:-1","max-image-preview":"max-image-preview:large","max-video-preview":"max-video-preview:-1"},"canonical":"https:\/\/theeatingbrain.de\/shop\/product\/mini-reisefuehrer-beaujolais\/","og_locale":"de_DE","og_type":"article","og_title":"Mini-Reisef\u00fchrer \"Beaujolais\" - Online-Shop","og_description":"Alles, was du f\u00fcr eine unvergessliche Reise brauchst - die besten Tipps f\u00fcr tolle Restaurants, gem\u00fctliche \u00dcbernachtungen und die sch\u00f6nsten Mitbringsel bietet dir der Mini-Reisef\u00fchrer im Postkartenformat.","og_url":"https:\/\/theeatingbrain.de\/shop\/product\/mini-reisefuehrer-beaujolais\/","og_site_name":"Online-Shop","og_image":[{"width":1072,"height":1072,"url":"https:\/\/theeatingbrain.de\/shop\/wp-content\/uploads\/sites\/5\/2014\/12\/mini-reisefuehrer-beaujolais-confiture-de-vivre.jpg","type":"image\/jpeg"}],"twitter_card":"summary_large_image","twitter_misc":{"Gesch\u00e4tzte Lesezeit":"1\u00a0Minute"},"schema":{"@context":"https:\/\/schema.org","@graph":[{"@type":"WebPage","@id":"https:\/\/theeatingbrain.de\/shop\/product\/mini-reisefuehrer-beaujolais\/","url":"https:\/\/theeatingbrain.de\/shop\/product\/mini-reisefuehrer-beaujolais\/","name":"Mini-Reisef\u00fchrer \"Beaujolais\" - Online-Shop","isPartOf":{"@id":"https:\/\/theeatingbrain.de\/shop\/#website"},"primaryImageOfPage":{"@id":"https:\/\/theeatingbrain.de\/shop\/product\/mini-reisefuehrer-beaujolais\/#primaryimage"},"image":{"@id":"https:\/\/theeatingbrain.de\/shop\/product\/mini-reisefuehrer-beaujolais\/#primaryimage"},"thumbnailUrl":"https:\/\/theeatingbrain.de\/shop\/wp-content\/uploads\/sites\/5\/2014\/12\/mini-reisefuehrer-beaujolais-confiture-de-vivre.jpg","datePublished":"2014-12-01T19:22:25+00:00","breadcrumb":{"@id":"https:\/\/theeatingbrain.de\/shop\/product\/mini-reisefuehrer-beaujolais\/#breadcrumb"},"inLanguage":"de","potentialAction":[{"@type":"ReadAction","target":["https:\/\/theeatingbrain.de\/shop\/product\/mini-reisefuehrer-beaujolais\/"]}]},{"@type":"ImageObject","inLanguage":"de","@id":"https:\/\/theeatingbrain.de\/shop\/product\/mini-reisefuehrer-beaujolais\/#primaryimage","url":"https:\/\/theeatingbrain.de\/shop\/wp-content\/uploads\/sites\/5\/2014\/12\/mini-reisefuehrer-beaujolais-confiture-de-vivre.jpg","contentUrl":"https:\/\/theeatingbrain.de\/shop\/wp-content\/uploads\/sites\/5\/2014\/12\/mini-reisefuehrer-beaujolais-confiture-de-vivre.jpg","width":1072,"height":1072,"caption":"mini-reisef\u00fchrer-beaujolais-confiture-de-vivre"},{"@type":"BreadcrumbList","@id":"https:\/\/theeatingbrain.de\/shop\/product\/mini-reisefuehrer-beaujolais\/#breadcrumb","itemListElement":[{"@type":"ListItem","position":1,"name":"Startseite","item":"https:\/\/theeatingbrain.de\/shop\/"},{"@type":"ListItem","position":2,"name":"Mini-Reisef\u00fchrer &#8220;Beaujolais&#8221;"}]},{"@type":"WebSite","@id":"https:\/\/theeatingbrain.de\/shop\/#website","url":"https:\/\/theeatingbrain.de\/shop\/","name":"Online-Shop","description":"Eine weitere TheEatingBrain Websites Website","potentialAction":[{"@type":"SearchAction","target":{"@type":"EntryPoint","urlTemplate":"https:\/\/theeatingbrain.de\/shop\/?s={search_term_string}"},"query-input":{"@type":"PropertyValueSpecification","valueRequired":true,"valueName":"search_term_string"}}],"inLanguage":"de"}]}},"_links":{"self":[{"href":"https:\/\/theeatingbrain.de\/shop\/wp-json\/wp\/v2\/product\/73","targetHints":{"allow":["GET"]}}],"collection":[{"href":"https:\/\/theeatingbrain.de\/shop\/wp-json\/wp\/v2\/product"}],"about":[{"href":"https:\/\/theeatingbrain.de\/shop\/wp-json\/wp\/v2\/types\/product"}],"replies":[{"embeddable":true,"href":"https:\/\/theeatingbrain.de\/shop\/wp-json\/wp\/v2\/comments?post=73"}],"wp:featuredmedia":[{"embeddable":true,"href":"https:\/\/theeatingbrain.de\/shop\/wp-json\/wp\/v2\/media\/94"}],"wp:attachment":[{"href":"https:\/\/theeatingbrain.de\/shop\/wp-json\/wp\/v2\/media?parent=73"}],"wp:term":[{"taxonomy":"product_brand","embeddable":true,"href":"https:\/\/theeatingbrain.de\/shop\/wp-json\/wp\/v2\/product_brand?post=73"},{"taxonomy":"product_cat","embeddable":true,"href":"https:\/\/theeatingbrain.de\/shop\/wp-json\/wp\/v2\/product_cat?post=73"},{"taxonomy":"product_tag","embeddable":true,"href":"https:\/\/theeatingbrain.de\/shop\/wp-json\/wp\/v2\/product_tag?post=73"}],"curies":[{"name":"wp","href":"https:\/\/api.w.org\/{rel}","templated":true}]}}