{"id":380,"date":"2017-06-01T08:01:30","date_gmt":"2017-06-01T06:01:30","guid":{"rendered":"https:\/\/www.entwicklungsbuero.net\/shop\/?post_type=product&amp;p=380"},"modified":"2017-06-01T08:01:30","modified_gmt":"2017-06-01T06:01:30","slug":"entdecke-deine-sinne-genuss-und-entschleunigung-in-suedfrankreich","status":"publish","type":"product","link":"https:\/\/theeatingbrain.de\/shop\/product\/entdecke-deine-sinne-genuss-und-entschleunigung-in-suedfrankreich\/","title":{"rendered":"Entdecke deine Sinne &#8211; Genuss und Entschleunigung in S\u00fcdfrankreich"},"content":{"rendered":"<p>Auf unserer siebent\u00e4gigen Reise sehen wir uns als gemeinsame Entdecker und Forscher f\u00fcr Sinn und Sinnliches. Die Reise ist f\u00fcr alle diejenigen, die etwas \u00fcber sich selbst, das Land und die Menschen erfahren und die sich neugierig auf noch Unbekanntes einlassen wollen. Genuss und Lebensfreude, N\u00e4hrendes und Wohlschmeckendes, Sinn und Sinnliches geh\u00f6ren f\u00fcr uns zusammen. Wir schaffen den offenen Raum, dass dieses Abenteuer m\u00f6glich ist.<br \/>\nIm S\u00fcdwesten Frankreichs, im Herzen der Gascogne, haben wir ein Idyll und einen Kraftort gefunden, der uns zur Entschleunigung in der Sch\u00f6nheit und Abgeschiedenheit einl\u00e4dt und das Umfeld bietet, zur Ruhe zu kommen, sich neu zu entdecken und das Leben zu bereichern.<\/p>\n<p>Das 2 ha gro\u00dfe Retreat Center CHEZ ZEN ist der ideale Platz, um zu entspannen, den Kopf frei zu bekommen und um mit allen Sinnen genie\u00dferisch zu entdecken.<br \/>\nWir n\u00e4hren uns mit \u201eGedankenfutter\u201c und kulinarischen Gen\u00fcssen, erleben Freude an der Bewegung w\u00e4hrend Yoga und NIA und erfahren unsere K\u00f6rper sinnlich bei Meditationen und K\u00f6rperarbeit. Alle Angebote sind Optionen, die Sie frei w\u00e4hlen k\u00f6nnen.<\/p>\n<p>&nbsp;<\/p>\n<p><strong>REISEZEITRAUM\u00a0\u00a023.-29. September 2017<\/strong><\/p>\n<p><strong>H\u00f6hepunkte der Reise<\/strong><\/p>\n<ul>\n<li>M\u00e4rkte, Wein und lokale Spezialit\u00e4ten der Gascogne<\/li>\n<li>Genuss und kulinarische Neuentdeckungen<\/li>\n<li>geleitete Meditationen, K\u00f6rperarbeit, Yoga und NIA<\/li>\n<li>gemeinsames Kochen und Austausch<\/li>\n<\/ul>\n<p>&nbsp;<\/p>\n<p><strong>REISEVERLAUF<\/strong><\/p>\n<p><strong>1. Tag\u00a0Ankommen und Kennenlernen<\/strong><\/p>\n<p>Am Nachmittag erwarten wir alle G\u00e4ste im Chez Zen. Uns bleibt gen\u00fcgend Zeit, die Zimmer zu beziehen, uns mit dem sch\u00f6nen Anwesen vertraut zu machen, ein erstes Bad im Pool zu genie\u00dfen und die Umgebung wirken zu lassen.<br \/>\nAm fr\u00fchen Abend treffen wir uns bei einem Ap\u00e9ritif, stellen die Angebote f\u00fcr die kommenden Tage vor und lernen uns kennen. Gemeinsam genie\u00dfen wir im Anschluss unser Begr\u00fc\u00dfungsabendessen und den ersten Wein aus der Region.<\/p>\n<p><strong>2. Tag<\/strong>\u00a0<strong>Entspannen und mit allen Sinnen entdecken<\/strong><\/p>\n<p>Der Sonntag dient dem entspannten Relaxen. Nach einer leichten morgendlichen Yoga Praxis tauschen wir uns bei einem ausgedehnten Brunch zu unseren \u201ekulinarischen Erinnerungen\u201c aus. Viel Zeit bleibt zum Durchatmen, einem Spaziergang in die nahe Umgebung, einer angeleiteten Meditation oder dem sch\u00f6nen M\u00fc\u00dfiggang. Ein Ap\u00e9ritif leitet den Abend ein, an dem wir neben einem ausgedehnten Abendessen auch eine Weinverkostung mit den Ohren erleben werden.<\/p>\n<p><strong>3. Tag\u00a0Samatan &#8211; Cit\u00e9 du Foie Gras<\/strong><\/p>\n<p>Nach dem Start in den Tag mit einer morgendlichen Yoga-Praxis besuchen wir am Vormittag Samatan und den ber\u00fchmten March\u00e9 au gras. Jeden Montag findet hier in einem einzigartigen Schauspiel die Jagd um die besten Enten und G\u00e4nse der Region statt. Das kleine \u00d6rtchen ist bekannt daf\u00fcr, dass die besten Gefl\u00fcgelbauern des D\u00e9partement Gers hier ihre Waren anbieten. Wir werden uns von den Experten beraten lassen und eine Foie Gras f\u00fcr uns ausw\u00e4hlen. Anschlie\u00dfend bummeln wir mit dem B\u00fcrgermeister durch Samatan. Der Nachmittag ist frei zum Entspannen.<br \/>\nAm Abend bereiten wir gemeinsam ein D\u00eener \u201eautour du Foie gras\u201c zu. Drei G\u00e4nge drehen sich um die Spezialit\u00e4t der Region. Dazu entdecken wir den traditionellen Floc de Gascogne.<\/p>\n<p><strong>4. Tag\u00a0Fleurance<\/strong><\/p>\n<p>Gleich am Morgen starten wir, um einen der sch\u00f6nsten M\u00e4rkte der Region Gascogne im \u00d6rtchen Fleurance zu besuchen. Viele kleine, lokale Produzenten bieten hier dienstags ihre Waren an. Wir lassen uns von den Fr\u00fcchten der Saison verf\u00fchren, entdecken die Vielfalt an Ger\u00fcchen und Geschm\u00e4ckern, nehmen ganz franz\u00f6sisch einen Kaffee und ein Croissant zum Fr\u00fchst\u00fcck und kaufen f\u00fcr unser Abendessen ein. Am Nachmittag ist Zeit f\u00fcr eine Nia-Class oder eine angeleitete Bewegungsmeditation. Der Abend steht dann unter dem Motto \u201eGastgeben und Gastsein in S\u00fcdfrankreich\u201c.<\/p>\n<p><strong>5. Tag\u00a0\u00c9auze &#8211; la Capitale de l\u2019Armagnac<\/strong><\/p>\n<p>Ausgeschlafen und entspannt starten wir nach einer leichten Yoga oder Nia-Praxis, oder einer angeleiteten Meditation am fr\u00fchen Nachmittag zur der am Jakobsweg gelegenen Stadt \u00c9auze, der Hauptstadt des Armagnac im Bas Armagnac. Die Domaine Laguille von Colette und Guy Colbert hat einen eigenen Alambic, in dem der Armagnac destilliert wird. Wir lassen uns genau erkl\u00e4ren, wie der edle Brand hergestellt wird und verkosten einige Jahrg\u00e4nge. Danach kann jeder die wundersch\u00f6ne 2000 Jahre alte Kleinstadt &#8211; das alte Elusa &#8211; entdecken, bevor wir uns auf den Weg zur\u00fcck machen. Abends genie\u00dfen wir ein gemeinsames Abendessen, das unsere K\u00f6chin vorbereitet hat.<\/p>\n<p><strong>6. Tag\u00a0Tiefenentspannt genie\u00dfen<\/strong><\/p>\n<p>Der Tag ist frei f\u00fcr pers\u00f6nliche W\u00fcnsche und Ideen. Egal ob relaxen am Salzwasser-Pool, ein eigener Ausflug in die Umgebung oder einfach nur die \u201eSeele baumeln lassen\u201c &#8211; sich Zeit nehmen und nichts m\u00fcssen ist das Motto des Tages. Gern geben wir Tipps f\u00fcr Unternehmungen. Am fr\u00fchen Abend gibt es unseren Abschieds-Ap\u00e9ritif am Pool und anschlie\u00dfend ein ausgiebiges D\u00eener. Abgerundet wird der Abend durch eine lokale Spezialit\u00e4t zum Dessert und einen guten Armagnac.<\/p>\n<p><strong>7. Tag\u00a0\u201eMit allen Sinnen Erlebtes bleibt\u201c<\/strong><\/p>\n<p>Nach dem Petit D\u00e9jeuner sagen wir Au Revoir zu unserem Kraftort auf Zeit und vielleicht \u00e0 la prochaine &#8211; bis zum n\u00e4chsten Mal. Entspannen, entschleunigen und genie\u00dfen Sie gern noch ein paar Tage im herrlichen Gers. Gern geben wir Ihnen dazu weitere Tipps.<\/p>\n<p>&nbsp;<\/p>\n<p><strong>LEISTUNGEN<\/strong><\/p>\n<p><strong>enthaltene Leistungen<\/strong><\/p>\n<p>Im Reisepreis enthalten sind alle Angebote, Ausfl\u00fcge, Workshops und Verpflegung (Halbpension) &#8211; dieser gilt nur in Verbindung mit der Unterbringung im Chez Zen.<\/p>\n<p>Mit der Buchung wird eine <strong>Anzahlung von 250,00\u20ac<\/strong> <strong>pro Person<\/strong> f\u00e4llig. Nach erfolgreicher Buchung\u00a0erhalten Sie per Email alle notwendigen Informationen.\u00a0Die\u00a0<strong>Restsumme von 500,00 \u20ac<\/strong>\u00a0<strong>pro Person<\/strong> muss\u00a0bis sp\u00e4testens <strong>25. August 2017<\/strong> bezahlt werden.<\/p>\n<p><strong>nicht enthaltene Leistungen<\/strong><\/p>\n<p>Nicht im Reisepreis enthalten sind die Kosten f\u00fcr An\/Abreise zum Chez Zen.<br \/>\nDie Anreise erfolgt individuell. Der n\u00e4chstgelegene Flughafen Toulouse\/Blagnac (45 min Autofahrt) ist von vielen deutschen St\u00e4dten sehr gut erreichbar. Dort k\u00f6nnen Mietwagen gebucht werden. Von Toulouse ist die Anreise per Privatshuttle (ab 2 Personen, 40\u20ac p.P., auf Anfrage), per Zug oder per Taxi m\u00f6glich.<\/p>\n<p>\u00dcbernachtung im Chez Zen<\/p>\n<p>Die Zimmer buchen Sie bitte direkt bei Isabel R\u00f6ssle im Chez Zen.<br \/>\nKontakt: chezzenfrance@gmail.com<br \/>\nTelefon: +49176 30330507<\/p>\n<p><strong>Preis pro Person im DZ 450\u20ac-500\u20ac<\/strong><\/p>\n<p><strong>Sollten Sie Fragen zu unserem Reiseangebot haben, erreichen Sie\u00a0uns werktags\u00a0zwischen 9:00-18:00 Uhr unter +49 40 85187899 oder per Email info(at)confiture-de-vivre.de<\/strong><\/p>\n<p>&nbsp;<\/p>\n<p>Alle <strong>REISEDETAILS<\/strong> k\u00f6nnen Sie hier als PDF-Druckversion herunterladen.<\/p>\n<p><a href=\"https:\/\/theeatingbrain.de\/shop\/wp-content\/uploads\/sites\/5\/2017\/05\/SlowTravelsundWorkshops_ReiseSuedfrankreich2017.pdf\"><img loading=\"lazy\" decoding=\"async\" class=\"wp-image-384 size-medium alignnone\" src=\"https:\/\/www.entwicklungsbuero.net\/shop\/wp-content\/uploads\/SlowTravelsundWorkshops_ReiseS\u00fcdfrankreich2017-236x300.png\" alt=\"Reiseprogramm\" width=\"236\" height=\"300\" \/><\/a><\/p>\n<p>&nbsp;<\/p>\n<p>Die Allgemeinen Gesch\u00e4ftsbedingungen zu dieser Reise k\u00f6nnen Sie als PDF-Druckversion herunterladen.<\/p>\n<p><a href=\"https:\/\/theeatingbrain.de\/shop\/wp-content\/uploads\/sites\/5\/2017\/06\/AGBReise_STW.pdf\"><img loading=\"lazy\" decoding=\"async\" class=\"alignleft wp-image-386 size-medium\" src=\"https:\/\/www.entwicklungsbuero.net\/shop\/wp-content\/uploads\/AGBSTW_2017-300x295.png\" alt=\"\" width=\"300\" height=\"295\" \/><\/a><\/p>\n","protected":false},"excerpt":{"rendered":"<p><strong>ACHTUNG: Buchungen f\u00fcr 2017 sind nicht mehr m\u00f6glich<\/strong><\/p>\n<p>+++<strong>bereits jetzt per Email f\u00fcr Herbst 2018 vormerken<\/strong>+++ <strong>info[at]confiture-de-vivre.de<\/strong><\/p>\n<p>Eine 7-t\u00e4gige Reise f\u00fcr diejenigen, die in aller Gelassenheit etwas \u00fcber sich selbst und andere, Genuss und Lebensfreude, N\u00e4hrendes und Wohlschmeckendes, Sinn und Sinnliches erfahren wollen und die sich gern neugierig auf Unbekanntes einlassen.<\/p>\n<p><strong>enthaltene Leistungen<\/strong><\/p>\n<p>Im Reisepreis enthalten sind alle Angebote, Ausfl\u00fcge, Workshops und Verpflegung (Halbpension) &#8211; dieser gilt nur in Verbindung mit der Unterbringung im Chez Zen.<\/p>\n<p>Mit der Buchung wird zun\u00e4chst eine Anzahlung von <strong>250,00\u20ac pro Person<\/strong> f\u00e4llig. Die Restsumme von <strong>500,00\u20ac<\/strong> ist bis <strong>25. August 2017<\/strong> zu t\u00e4tigen.<\/p>\n<p><strong>nicht enthaltene Leistungen<\/strong><\/p>\n<p>Die \u00dcbernachtung wird direkt bei Isabel R\u00f6ssle im Chez Zen gebucht. Der <strong>Preis pro Person<\/strong> im <strong>DZ<\/strong> betr\u00e4gt <strong>450-500\u20ac<\/strong>.<\/p>\n<p>Empfehlungen f\u00fcr den Transfer finden Sie in der Reisebeschreibung.<\/p>\n","protected":false},"featured_media":394,"comment_status":"closed","ping_status":"closed","template":"","meta":[],"product_brand":[],"product_cat":[42,56],"product_tag":[40,41,43,45,46,52,57,70],"class_list":{"0":"post-380","1":"product","2":"type-product","3":"status-publish","4":"has-post-thumbnail","6":"product_cat-genuss","7":"product_cat-reise","8":"product_tag-entschleunigung","9":"product_tag-frankreich","10":"product_tag-genuss","11":"product_tag-koerperarbeit","12":"product_tag-kulinarisches","13":"product_tag-nia","14":"product_tag-reise","15":"product_tag-yoga","17":"first","18":"instock","19":"virtual","20":"taxable","21":"purchasable","22":"product-type-simple"},"yoast_head":"<!-- This site is optimized with the Yoast SEO plugin v25.5 - https:\/\/yoast.com\/wordpress\/plugins\/seo\/ -->\n<title>Entdecke deine Sinne - Genuss und Entschleunigung in S\u00fcdfrankreich - Online-Shop<\/title>\n<meta name=\"robots\" content=\"index, follow, max-snippet:-1, max-image-preview:large, max-video-preview:-1\" \/>\n<link rel=\"canonical\" href=\"https:\/\/theeatingbrain.de\/shop\/product\/entdecke-deine-sinne-genuss-und-entschleunigung-in-suedfrankreich\/\" \/>\n<meta property=\"og:locale\" content=\"de_DE\" \/>\n<meta property=\"og:type\" content=\"article\" \/>\n<meta property=\"og:title\" content=\"Entdecke deine Sinne - Genuss und Entschleunigung in S\u00fcdfrankreich - Online-Shop\" \/>\n<meta property=\"og:description\" content=\"ACHTUNG: Buchungen f\u00fcr 2017 sind nicht mehr m\u00f6glich +++bereits jetzt per Email f\u00fcr Herbst 2018 vormerken+++ info[at]confiture-de-vivre.de Eine 7-t\u00e4gige Reise f\u00fcr diejenigen, die in aller Gelassenheit etwas \u00fcber sich selbst und andere, Genuss und Lebensfreude, N\u00e4hrendes und Wohlschmeckendes, Sinn und Sinnliches erfahren wollen und die sich gern neugierig auf Unbekanntes einlassen. enthaltene Leistungen Im Reisepreis enthalten sind alle Angebote, Ausfl\u00fcge, Workshops und Verpflegung (Halbpension) - dieser gilt nur in Verbindung mit der Unterbringung im Chez Zen. Mit der Buchung wird zun\u00e4chst eine Anzahlung von 250,00\u20ac pro Person f\u00e4llig. Die Restsumme von 500,00\u20ac ist bis 25. August 2017 zu t\u00e4tigen. nicht enthaltene Leistungen Die \u00dcbernachtung wird direkt bei Isabel R\u00f6ssle im Chez Zen gebucht. Der Preis pro Person im DZ betr\u00e4gt 450-500\u20ac. Empfehlungen f\u00fcr den Transfer finden Sie in der Reisebeschreibung.\" \/>\n<meta property=\"og:url\" content=\"https:\/\/theeatingbrain.de\/shop\/product\/entdecke-deine-sinne-genuss-und-entschleunigung-in-suedfrankreich\/\" \/>\n<meta property=\"og:site_name\" content=\"Online-Shop\" \/>\n<meta property=\"og:image\" content=\"https:\/\/theeatingbrain.de\/shop\/wp-content\/uploads\/sites\/5\/2017\/08\/Attachment-1.jpeg\" \/>\n\t<meta property=\"og:image:width\" content=\"1072\" \/>\n\t<meta property=\"og:image:height\" content=\"1069\" \/>\n\t<meta property=\"og:image:type\" content=\"image\/jpeg\" \/>\n<meta name=\"twitter:card\" content=\"summary_large_image\" \/>\n<meta name=\"twitter:label1\" content=\"Gesch\u00e4tzte Lesezeit\" \/>\n\t<meta name=\"twitter:data1\" content=\"5\u00a0Minuten\" \/>\n<script type=\"application\/ld+json\" class=\"yoast-schema-graph\">{\"@context\":\"https:\/\/schema.org\",\"@graph\":[{\"@type\":\"WebPage\",\"@id\":\"https:\/\/theeatingbrain.de\/shop\/product\/entdecke-deine-sinne-genuss-und-entschleunigung-in-suedfrankreich\/\",\"url\":\"https:\/\/theeatingbrain.de\/shop\/product\/entdecke-deine-sinne-genuss-und-entschleunigung-in-suedfrankreich\/\",\"name\":\"Entdecke deine Sinne - Genuss und Entschleunigung in S\u00fcdfrankreich - Online-Shop\",\"isPartOf\":{\"@id\":\"https:\/\/theeatingbrain.de\/shop\/#website\"},\"primaryImageOfPage\":{\"@id\":\"https:\/\/theeatingbrain.de\/shop\/product\/entdecke-deine-sinne-genuss-und-entschleunigung-in-suedfrankreich\/#primaryimage\"},\"image\":{\"@id\":\"https:\/\/theeatingbrain.de\/shop\/product\/entdecke-deine-sinne-genuss-und-entschleunigung-in-suedfrankreich\/#primaryimage\"},\"thumbnailUrl\":\"https:\/\/theeatingbrain.de\/shop\/wp-content\/uploads\/sites\/5\/2017\/08\/Attachment-1.jpeg\",\"datePublished\":\"2017-06-01T06:01:30+00:00\",\"breadcrumb\":{\"@id\":\"https:\/\/theeatingbrain.de\/shop\/product\/entdecke-deine-sinne-genuss-und-entschleunigung-in-suedfrankreich\/#breadcrumb\"},\"inLanguage\":\"de\",\"potentialAction\":[{\"@type\":\"ReadAction\",\"target\":[\"https:\/\/theeatingbrain.de\/shop\/product\/entdecke-deine-sinne-genuss-und-entschleunigung-in-suedfrankreich\/\"]}]},{\"@type\":\"ImageObject\",\"inLanguage\":\"de\",\"@id\":\"https:\/\/theeatingbrain.de\/shop\/product\/entdecke-deine-sinne-genuss-und-entschleunigung-in-suedfrankreich\/#primaryimage\",\"url\":\"https:\/\/theeatingbrain.de\/shop\/wp-content\/uploads\/sites\/5\/2017\/08\/Attachment-1.jpeg\",\"contentUrl\":\"https:\/\/theeatingbrain.de\/shop\/wp-content\/uploads\/sites\/5\/2017\/08\/Attachment-1.jpeg\",\"width\":1072,\"height\":1069},{\"@type\":\"BreadcrumbList\",\"@id\":\"https:\/\/theeatingbrain.de\/shop\/product\/entdecke-deine-sinne-genuss-und-entschleunigung-in-suedfrankreich\/#breadcrumb\",\"itemListElement\":[{\"@type\":\"ListItem\",\"position\":1,\"name\":\"Startseite\",\"item\":\"https:\/\/theeatingbrain.de\/shop\/\"},{\"@type\":\"ListItem\",\"position\":2,\"name\":\"Entdecke deine Sinne &#8211; Genuss und Entschleunigung in S\u00fcdfrankreich\"}]},{\"@type\":\"WebSite\",\"@id\":\"https:\/\/theeatingbrain.de\/shop\/#website\",\"url\":\"https:\/\/theeatingbrain.de\/shop\/\",\"name\":\"Online-Shop\",\"description\":\"Eine weitere TheEatingBrain Websites Website\",\"potentialAction\":[{\"@type\":\"SearchAction\",\"target\":{\"@type\":\"EntryPoint\",\"urlTemplate\":\"https:\/\/theeatingbrain.de\/shop\/?s={search_term_string}\"},\"query-input\":{\"@type\":\"PropertyValueSpecification\",\"valueRequired\":true,\"valueName\":\"search_term_string\"}}],\"inLanguage\":\"de\"}]}<\/script>\n<!-- \/ Yoast SEO plugin. -->","yoast_head_json":{"title":"Entdecke deine Sinne - Genuss und Entschleunigung in S\u00fcdfrankreich - Online-Shop","robots":{"index":"index","follow":"follow","max-snippet":"max-snippet:-1","max-image-preview":"max-image-preview:large","max-video-preview":"max-video-preview:-1"},"canonical":"https:\/\/theeatingbrain.de\/shop\/product\/entdecke-deine-sinne-genuss-und-entschleunigung-in-suedfrankreich\/","og_locale":"de_DE","og_type":"article","og_title":"Entdecke deine Sinne - Genuss und Entschleunigung in S\u00fcdfrankreich - Online-Shop","og_description":"ACHTUNG: Buchungen f\u00fcr 2017 sind nicht mehr m\u00f6glich +++bereits jetzt per Email f\u00fcr Herbst 2018 vormerken+++ info[at]confiture-de-vivre.de Eine 7-t\u00e4gige Reise f\u00fcr diejenigen, die in aller Gelassenheit etwas \u00fcber sich selbst und andere, Genuss und Lebensfreude, N\u00e4hrendes und Wohlschmeckendes, Sinn und Sinnliches erfahren wollen und die sich gern neugierig auf Unbekanntes einlassen. enthaltene Leistungen Im Reisepreis enthalten sind alle Angebote, Ausfl\u00fcge, Workshops und Verpflegung (Halbpension) - dieser gilt nur in Verbindung mit der Unterbringung im Chez Zen. Mit der Buchung wird zun\u00e4chst eine Anzahlung von 250,00\u20ac pro Person f\u00e4llig. Die Restsumme von 500,00\u20ac ist bis 25. August 2017 zu t\u00e4tigen. nicht enthaltene Leistungen Die \u00dcbernachtung wird direkt bei Isabel R\u00f6ssle im Chez Zen gebucht. Der Preis pro Person im DZ betr\u00e4gt 450-500\u20ac. Empfehlungen f\u00fcr den Transfer finden Sie in der Reisebeschreibung.","og_url":"https:\/\/theeatingbrain.de\/shop\/product\/entdecke-deine-sinne-genuss-und-entschleunigung-in-suedfrankreich\/","og_site_name":"Online-Shop","og_image":[{"width":1072,"height":1069,"url":"https:\/\/theeatingbrain.de\/shop\/wp-content\/uploads\/sites\/5\/2017\/08\/Attachment-1.jpeg","type":"image\/jpeg"}],"twitter_card":"summary_large_image","twitter_misc":{"Gesch\u00e4tzte Lesezeit":"5\u00a0Minuten"},"schema":{"@context":"https:\/\/schema.org","@graph":[{"@type":"WebPage","@id":"https:\/\/theeatingbrain.de\/shop\/product\/entdecke-deine-sinne-genuss-und-entschleunigung-in-suedfrankreich\/","url":"https:\/\/theeatingbrain.de\/shop\/product\/entdecke-deine-sinne-genuss-und-entschleunigung-in-suedfrankreich\/","name":"Entdecke deine Sinne - Genuss und Entschleunigung in S\u00fcdfrankreich - Online-Shop","isPartOf":{"@id":"https:\/\/theeatingbrain.de\/shop\/#website"},"primaryImageOfPage":{"@id":"https:\/\/theeatingbrain.de\/shop\/product\/entdecke-deine-sinne-genuss-und-entschleunigung-in-suedfrankreich\/#primaryimage"},"image":{"@id":"https:\/\/theeatingbrain.de\/shop\/product\/entdecke-deine-sinne-genuss-und-entschleunigung-in-suedfrankreich\/#primaryimage"},"thumbnailUrl":"https:\/\/theeatingbrain.de\/shop\/wp-content\/uploads\/sites\/5\/2017\/08\/Attachment-1.jpeg","datePublished":"2017-06-01T06:01:30+00:00","breadcrumb":{"@id":"https:\/\/theeatingbrain.de\/shop\/product\/entdecke-deine-sinne-genuss-und-entschleunigung-in-suedfrankreich\/#breadcrumb"},"inLanguage":"de","potentialAction":[{"@type":"ReadAction","target":["https:\/\/theeatingbrain.de\/shop\/product\/entdecke-deine-sinne-genuss-und-entschleunigung-in-suedfrankreich\/"]}]},{"@type":"ImageObject","inLanguage":"de","@id":"https:\/\/theeatingbrain.de\/shop\/product\/entdecke-deine-sinne-genuss-und-entschleunigung-in-suedfrankreich\/#primaryimage","url":"https:\/\/theeatingbrain.de\/shop\/wp-content\/uploads\/sites\/5\/2017\/08\/Attachment-1.jpeg","contentUrl":"https:\/\/theeatingbrain.de\/shop\/wp-content\/uploads\/sites\/5\/2017\/08\/Attachment-1.jpeg","width":1072,"height":1069},{"@type":"BreadcrumbList","@id":"https:\/\/theeatingbrain.de\/shop\/product\/entdecke-deine-sinne-genuss-und-entschleunigung-in-suedfrankreich\/#breadcrumb","itemListElement":[{"@type":"ListItem","position":1,"name":"Startseite","item":"https:\/\/theeatingbrain.de\/shop\/"},{"@type":"ListItem","position":2,"name":"Entdecke deine Sinne &#8211; Genuss und Entschleunigung in S\u00fcdfrankreich"}]},{"@type":"WebSite","@id":"https:\/\/theeatingbrain.de\/shop\/#website","url":"https:\/\/theeatingbrain.de\/shop\/","name":"Online-Shop","description":"Eine weitere TheEatingBrain Websites Website","potentialAction":[{"@type":"SearchAction","target":{"@type":"EntryPoint","urlTemplate":"https:\/\/theeatingbrain.de\/shop\/?s={search_term_string}"},"query-input":{"@type":"PropertyValueSpecification","valueRequired":true,"valueName":"search_term_string"}}],"inLanguage":"de"}]}},"_links":{"self":[{"href":"https:\/\/theeatingbrain.de\/shop\/wp-json\/wp\/v2\/product\/380","targetHints":{"allow":["GET"]}}],"collection":[{"href":"https:\/\/theeatingbrain.de\/shop\/wp-json\/wp\/v2\/product"}],"about":[{"href":"https:\/\/theeatingbrain.de\/shop\/wp-json\/wp\/v2\/types\/product"}],"replies":[{"embeddable":true,"href":"https:\/\/theeatingbrain.de\/shop\/wp-json\/wp\/v2\/comments?post=380"}],"wp:featuredmedia":[{"embeddable":true,"href":"https:\/\/theeatingbrain.de\/shop\/wp-json\/wp\/v2\/media\/394"}],"wp:attachment":[{"href":"https:\/\/theeatingbrain.de\/shop\/wp-json\/wp\/v2\/media?parent=380"}],"wp:term":[{"taxonomy":"product_brand","embeddable":true,"href":"https:\/\/theeatingbrain.de\/shop\/wp-json\/wp\/v2\/product_brand?post=380"},{"taxonomy":"product_cat","embeddable":true,"href":"https:\/\/theeatingbrain.de\/shop\/wp-json\/wp\/v2\/product_cat?post=380"},{"taxonomy":"product_tag","embeddable":true,"href":"https:\/\/theeatingbrain.de\/shop\/wp-json\/wp\/v2\/product_tag?post=380"}],"curies":[{"name":"wp","href":"https:\/\/api.w.org\/{rel}","templated":true}]}}