{"id":107,"date":"2014-12-03T08:39:12","date_gmt":"2014-12-03T08:39:12","guid":{"rendered":"https:\/\/www.entwicklungsbuero.net\/shop\/zahlungsarten\/"},"modified":"2014-12-03T08:39:12","modified_gmt":"2014-12-03T08:39:12","slug":"zahlungsarten-2","status":"publish","type":"page","link":"https:\/\/theeatingbrain.de\/shop\/zahlungsarten-2\/","title":{"rendered":"Zahlungsarten"},"content":{"rendered":"<p>Wir bieten Ihnen folgende Zahlungsarten an. Suchen Sie sich einfach die f\u00fcr Sie optimale Zahlart aus. Die Versandkosten sind teilweise abh\u00e4ngig von der gew\u00e4hlten Zahlungsart. Die in den jeweiligen Angeboten angef\u00fchrten Preise stellen Endpreise dar. Sie beinhalten alle Preisbestandteile einschlie\u00dflich etwaig anfallender Steuern wie Mehrwertsteuer. Nur bei grenz\u00fcberschreitender Lieferung k\u00f6nnen im Einzelfall weitere Steuern (z.B. im Falle eines innergemeinschaftlichen Erwerbs) und\/oder Abgaben (z.B. Z\u00f6lle) von Ihnen zu zahlen sein, jedoch nicht an den Verk\u00e4ufer, sondern an die dort zust\u00e4ndigen Zoll- bzw. Steuerbeh\u00f6rden. Die anfallenden Liefer- und Versandkosten sind nicht im Kaufpreis enthalten, sie sind \u00fcber die Seite \u201eVersandkosten\u201c aufrufbar, werden im Laufe des Bestellvorganges gesondert ausgewiesen und sind von Ihnen zus\u00e4tzlich zu tragen.<\/p>\n<p><strong><em>PayPal<\/em><\/strong><\/p>\n<p>Noch sicherer und schnell bezahlen mit ihrem PayPal-Konto per Lastschrift,\u00a0Visa oder Mastercard Kreditkarte.<\/p>\n<p><strong><em>\u00dcberweisung (Vorkasse)<\/em><\/strong><\/p>\n<p>Bitte \u00fcberweisen Sie den Gesamtbetrag Ihrer Bestellung auf unser Konto:<\/p>\n<p>Kontoinhaber: Sandy\u00a0Neumann<br \/>\nKontonummer:\u00a01009 3667 80<br \/>\nBLZ:\u00a0120 300 00<br \/>\nKreditinstitut:\u00a0Deutsche Kreditbank<br \/>\nSWIFT:\u00a0BYLADEM1001<br \/>\nIBAN:\u00a0DE50 1203 0000 1009 3667 80<\/p>\n","protected":false},"excerpt":{"rendered":"<p>Wir bieten Ihnen folgende Zahlungsarten an. Suchen Sie sich einfach die f\u00fcr Sie optimale Zahlart aus. Die Versandkosten sind teilweise abh\u00e4ngig von der gew\u00e4hlten Zahlungsart. Die in den jeweiligen Angeboten angef\u00fchrten Preise stellen Endpreise dar. Sie beinhalten alle Preisbestandteile einschlie\u00dflich etwaig anfallender Steuern wie Mehrwertsteuer.&hellip;<\/p>\n","protected":false},"author":3,"featured_media":0,"parent":0,"menu_order":0,"comment_status":"closed","ping_status":"closed","template":"","meta":{"footnotes":""},"class_list":["post-107","page","type-page","status-publish","hentry"],"yoast_head":"<!-- This site is optimized with the Yoast SEO plugin v25.5 - https:\/\/yoast.com\/wordpress\/plugins\/seo\/ -->\n<title>Zahlungsarten - Online-Shop<\/title>\n<meta name=\"robots\" content=\"index, follow, max-snippet:-1, max-image-preview:large, max-video-preview:-1\" \/>\n<link rel=\"canonical\" href=\"https:\/\/theeatingbrain.de\/shop\/zahlungsarten-2\/\" \/>\n<meta property=\"og:locale\" content=\"de_DE\" \/>\n<meta property=\"og:type\" content=\"article\" \/>\n<meta property=\"og:title\" content=\"Zahlungsarten - Online-Shop\" \/>\n<meta property=\"og:description\" content=\"Wir bieten Ihnen folgende Zahlungsarten an. Suchen Sie sich einfach die f\u00fcr Sie optimale Zahlart aus. Die Versandkosten sind teilweise abh\u00e4ngig von der gew\u00e4hlten Zahlungsart. Die in den jeweiligen Angeboten angef\u00fchrten Preise stellen Endpreise dar. Sie beinhalten alle Preisbestandteile einschlie\u00dflich etwaig anfallender Steuern wie Mehrwertsteuer.&hellip;\" \/>\n<meta property=\"og:url\" content=\"https:\/\/theeatingbrain.de\/shop\/zahlungsarten-2\/\" \/>\n<meta property=\"og:site_name\" content=\"Online-Shop\" \/>\n<meta name=\"twitter:card\" content=\"summary_large_image\" \/>\n<meta name=\"twitter:label1\" content=\"Gesch\u00e4tzte Lesezeit\" \/>\n\t<meta name=\"twitter:data1\" content=\"1\u00a0Minute\" \/>\n<script type=\"application\/ld+json\" class=\"yoast-schema-graph\">{\"@context\":\"https:\/\/schema.org\",\"@graph\":[{\"@type\":\"WebPage\",\"@id\":\"https:\/\/theeatingbrain.de\/shop\/zahlungsarten-2\/\",\"url\":\"https:\/\/theeatingbrain.de\/shop\/zahlungsarten-2\/\",\"name\":\"Zahlungsarten - Online-Shop\",\"isPartOf\":{\"@id\":\"https:\/\/theeatingbrain.de\/shop\/#website\"},\"datePublished\":\"2014-12-03T08:39:12+00:00\",\"breadcrumb\":{\"@id\":\"https:\/\/theeatingbrain.de\/shop\/zahlungsarten-2\/#breadcrumb\"},\"inLanguage\":\"de\",\"potentialAction\":[{\"@type\":\"ReadAction\",\"target\":[\"https:\/\/theeatingbrain.de\/shop\/zahlungsarten-2\/\"]}]},{\"@type\":\"BreadcrumbList\",\"@id\":\"https:\/\/theeatingbrain.de\/shop\/zahlungsarten-2\/#breadcrumb\",\"itemListElement\":[{\"@type\":\"ListItem\",\"position\":1,\"name\":\"Startseite\",\"item\":\"https:\/\/theeatingbrain.de\/shop\/\"},{\"@type\":\"ListItem\",\"position\":2,\"name\":\"Zahlungsarten\"}]},{\"@type\":\"WebSite\",\"@id\":\"https:\/\/theeatingbrain.de\/shop\/#website\",\"url\":\"https:\/\/theeatingbrain.de\/shop\/\",\"name\":\"Online-Shop\",\"description\":\"Eine weitere TheEatingBrain Websites Website\",\"potentialAction\":[{\"@type\":\"SearchAction\",\"target\":{\"@type\":\"EntryPoint\",\"urlTemplate\":\"https:\/\/theeatingbrain.de\/shop\/?s={search_term_string}\"},\"query-input\":{\"@type\":\"PropertyValueSpecification\",\"valueRequired\":true,\"valueName\":\"search_term_string\"}}],\"inLanguage\":\"de\"}]}<\/script>\n<!-- \/ Yoast SEO plugin. -->","yoast_head_json":{"title":"Zahlungsarten - Online-Shop","robots":{"index":"index","follow":"follow","max-snippet":"max-snippet:-1","max-image-preview":"max-image-preview:large","max-video-preview":"max-video-preview:-1"},"canonical":"https:\/\/theeatingbrain.de\/shop\/zahlungsarten-2\/","og_locale":"de_DE","og_type":"article","og_title":"Zahlungsarten - Online-Shop","og_description":"Wir bieten Ihnen folgende Zahlungsarten an. Suchen Sie sich einfach die f\u00fcr Sie optimale Zahlart aus. Die Versandkosten sind teilweise abh\u00e4ngig von der gew\u00e4hlten Zahlungsart. Die in den jeweiligen Angeboten angef\u00fchrten Preise stellen Endpreise dar. Sie beinhalten alle Preisbestandteile einschlie\u00dflich etwaig anfallender Steuern wie Mehrwertsteuer.&hellip;","og_url":"https:\/\/theeatingbrain.de\/shop\/zahlungsarten-2\/","og_site_name":"Online-Shop","twitter_card":"summary_large_image","twitter_misc":{"Gesch\u00e4tzte Lesezeit":"1\u00a0Minute"},"schema":{"@context":"https:\/\/schema.org","@graph":[{"@type":"WebPage","@id":"https:\/\/theeatingbrain.de\/shop\/zahlungsarten-2\/","url":"https:\/\/theeatingbrain.de\/shop\/zahlungsarten-2\/","name":"Zahlungsarten - Online-Shop","isPartOf":{"@id":"https:\/\/theeatingbrain.de\/shop\/#website"},"datePublished":"2014-12-03T08:39:12+00:00","breadcrumb":{"@id":"https:\/\/theeatingbrain.de\/shop\/zahlungsarten-2\/#breadcrumb"},"inLanguage":"de","potentialAction":[{"@type":"ReadAction","target":["https:\/\/theeatingbrain.de\/shop\/zahlungsarten-2\/"]}]},{"@type":"BreadcrumbList","@id":"https:\/\/theeatingbrain.de\/shop\/zahlungsarten-2\/#breadcrumb","itemListElement":[{"@type":"ListItem","position":1,"name":"Startseite","item":"https:\/\/theeatingbrain.de\/shop\/"},{"@type":"ListItem","position":2,"name":"Zahlungsarten"}]},{"@type":"WebSite","@id":"https:\/\/theeatingbrain.de\/shop\/#website","url":"https:\/\/theeatingbrain.de\/shop\/","name":"Online-Shop","description":"Eine weitere TheEatingBrain Websites Website","potentialAction":[{"@type":"SearchAction","target":{"@type":"EntryPoint","urlTemplate":"https:\/\/theeatingbrain.de\/shop\/?s={search_term_string}"},"query-input":{"@type":"PropertyValueSpecification","valueRequired":true,"valueName":"search_term_string"}}],"inLanguage":"de"}]}},"_links":{"self":[{"href":"https:\/\/theeatingbrain.de\/shop\/wp-json\/wp\/v2\/pages\/107","targetHints":{"allow":["GET"]}}],"collection":[{"href":"https:\/\/theeatingbrain.de\/shop\/wp-json\/wp\/v2\/pages"}],"about":[{"href":"https:\/\/theeatingbrain.de\/shop\/wp-json\/wp\/v2\/types\/page"}],"author":[{"embeddable":true,"href":"https:\/\/theeatingbrain.de\/shop\/wp-json\/wp\/v2\/users\/3"}],"replies":[{"embeddable":true,"href":"https:\/\/theeatingbrain.de\/shop\/wp-json\/wp\/v2\/comments?post=107"}],"version-history":[{"count":0,"href":"https:\/\/theeatingbrain.de\/shop\/wp-json\/wp\/v2\/pages\/107\/revisions"}],"wp:attachment":[{"href":"https:\/\/theeatingbrain.de\/shop\/wp-json\/wp\/v2\/media?parent=107"}],"curies":[{"name":"wp","href":"https:\/\/api.w.org\/{rel}","templated":true}]}}